{"id":250835,"date":"2024-07-01T19:05:46","date_gmt":"2024-07-01T17:05:46","guid":{"rendered":"https:\/\/obey24.com\/?page_id=250835"},"modified":"2024-09-20T10:55:49","modified_gmt":"2024-09-20T08:55:49","slug":"motion-design-and-branding-2","status":"publish","type":"page","link":"https:\/\/obey24.com\/tr\/motion-design-and-branding-2\/","title":{"rendered":"Hareket Tasar\u0131m\u0131 ve Markalama"},"content":{"rendered":"<p>[et_pb_section fb_built=&#8221;1&#8243; admin_label=&#8221;Header&#8221; _builder_version=&#8221;4.24.2&#8243; _module_preset=&#8221;default&#8221; da_disable_devices=&#8221;off|off|off&#8221; collapsed=&#8221;on&#8221; global_colors_info=&#8221;{}&#8221; da_is_popup=&#8221;off&#8221; da_exit_intent=&#8221;off&#8221; da_has_close=&#8221;on&#8221; da_alt_close=&#8221;off&#8221; da_dark_close=&#8221;off&#8221; da_not_modal=&#8221;on&#8221; da_is_singular=&#8221;off&#8221; da_with_loader=&#8221;off&#8221; da_has_shadow=&#8221;on&#8221;][et_pb_row _builder_version=&#8221;4.24.2&#8243; _module_preset=&#8221;default&#8221; width=&#8221;90%&#8221; max_width=&#8221;none&#8221; global_colors_info=&#8221;{}&#8221;][et_pb_column type=&#8221;4_4&#8243; _builder_version=&#8221;4.24.2&#8243; _module_preset=&#8221;default&#8221; global_colors_info=&#8221;{}&#8221;][et_pb_text _builder_version=&#8221;4.25.2&#8243; _module_preset=&#8221;_initial&#8221; header_font=&#8221;|500||on|||||&#8221; header_text_color=&#8221;#323333&#8243; header_font_size=&#8221;10vw&#8221; header_letter_spacing=&#8221;-0.04em&#8221; header_line_height=&#8221;1em&#8221; global_colors_info=&#8221;{}&#8221;]<\/p>\n<h1>Motion Design<\/h1>\n<p>[\/et_pb_text][\/et_pb_column][\/et_pb_row][et_pb_row column_structure=&#8221;2_3,1_3&#8243; make_equal=&#8221;on&#8221; _builder_version=&#8221;4.25.2&#8243; _module_preset=&#8221;default&#8221; width=&#8221;90%&#8221; max_width=&#8221;none&#8221; global_colors_info=&#8221;{}&#8221;][et_pb_column type=&#8221;2_3&#8243; _builder_version=&#8221;4.24.2&#8243; _module_preset=&#8221;default&#8221; global_colors_info=&#8221;{}&#8221;][et_pb_text _builder_version=&#8221;4.25.2&#8243; _module_preset=&#8221;_initial&#8221; text_font=&#8221;|500|||||||&#8221; text_line_height=&#8221;1.6em&#8221; text_font_size_tablet=&#8221;15px&#8221; text_font_size_phone=&#8221;14px&#8221; text_font_size_last_edited=&#8221;on|desktop&#8221; global_colors_info=&#8221;{}&#8221;]<\/p>\n<p>In enger Zusammenarbeit mit <strong>Studio WW<\/strong> entwickeln wir erstklassiges <strong>Motion Design<\/strong> und <strong>Motion Branding<\/strong>. Unsere Expertise in Grafikdesign, Branding und Raumgestaltung erm\u00f6glicht es uns, beeindruckende <strong>3D-Animationen<\/strong> und dynamische <strong>Markenidentit\u00e4ten<\/strong> zu schaffen. Mit einem Fokus auf spielerisches und wirkungsvolles <strong>Storytelling<\/strong> sprechen wir gezielt eine junge Zielgruppe an. Unsere Dienstleistungen umfassen <strong>Art Direction<\/strong>, <strong>Motion Design<\/strong> und <strong>Sound Design<\/strong>. Gemeinsam erwecken wir Produkte durch visuell ansprechende Inhalte zum Leben und st\u00e4rken die visuelle Pr\u00e4senz unserer Kunden.<\/p>\n<p>&nbsp;<\/p>\n<p>[\/et_pb_text][\/et_pb_column][et_pb_column type=&#8221;1_3&#8243; _builder_version=&#8221;4.24.2&#8243; _module_preset=&#8221;default&#8221; global_colors_info=&#8221;{}&#8221;][et_pb_text _builder_version=&#8221;4.25.2&#8243; _module_preset=&#8221;default&#8221; text_font=&#8221;SF-Regular|700|||||||&#8221; text_orientation=&#8221;center&#8221; custom_margin=&#8221;||1em||false|false&#8221; custom_padding=&#8221;||0px||false|false&#8221; global_colors_info=&#8221;{}&#8221;]<\/p>\n<p>In Kooperation mit<\/p>\n<p>[\/et_pb_text][dsm_perspective_image src=&#8221;https:\/\/obey24.com\/wp-content\/uploads\/2024\/07\/logo_black_fleisch.webp&#8221; title_text=&#8221;Studio WW&#8221; _builder_version=&#8221;4.25.2&#8243; _module_preset=&#8221;default&#8221; max_width=&#8221;270px&#8221; module_alignment=&#8221;center&#8221; global_colors_info=&#8221;{}&#8221;][\/dsm_perspective_image][\/et_pb_column][\/et_pb_row][et_pb_row column_structure=&#8221;2_5,3_5&#8243; _builder_version=&#8221;4.27.0&#8243; _module_preset=&#8221;default&#8221; width=&#8221;90%&#8221; max_width=&#8221;2000px&#8221; hover_enabled=&#8221;0&#8243; global_colors_info=&#8221;{}&#8221; sticky_enabled=&#8221;0&#8243; make_equal=&#8221;on&#8221; custom_css_main_element=&#8221;align-items:center;&#8221;][et_pb_column type=&#8221;2_5&#8243; _builder_version=&#8221;4.24.2&#8243; _module_preset=&#8221;default&#8221; custom_padding=&#8221;||16vw||false|false&#8221; custom_padding_tablet=&#8221;||0vw||false|false&#8221; custom_padding_phone=&#8221;||0vw||false|false&#8221; custom_padding_last_edited=&#8221;on|desktop&#8221; global_colors_info=&#8221;{}&#8221;][et_pb_text _builder_version=&#8221;4.25.2&#8243; _module_preset=&#8221;_initial&#8221; header_3_font=&#8221;|500||on|||||&#8221; header_3_font_size=&#8221;36px&#8221; header_3_letter_spacing=&#8221;-0.02em&#8221; header_3_line_height=&#8221;1.2em&#8221; custom_margin=&#8221;||10px||false|false&#8221; header_3_font_size_tablet=&#8221;20px&#8221; header_3_font_size_phone=&#8221;16px&#8221; header_3_font_size_last_edited=&#8221;on|desktop&#8221; global_colors_info=&#8221;{}&#8221;]<\/p>\n<h3>emotion durch bewegung<\/h3>\n<p>&nbsp;<\/p>\n<p>[\/et_pb_text][et_pb_button button_url=&#8221;mailto:info@obey24.com&#8221; url_new_window=&#8221;on&#8221; button_text=&#8221;jetzt anfragen&#8221; button_alignment_tablet=&#8221;left&#8221; button_alignment_phone=&#8221;left&#8221; button_alignment_last_edited=&#8221;off|desktop&#8221; _builder_version=&#8221;4.25.2&#8243; _module_preset=&#8221;_initial&#8221; button_text_color=&#8221;#FFFFFF&#8221; button_bg_color=&#8221;#000000&#8243; button_border_width=&#8221;0px&#8221; button_border_radius=&#8221;0px&#8221; button_letter_spacing=&#8221;0.2em&#8221; button_font=&#8221;|700||on|||||&#8221; custom_padding=&#8221;12px|24px|12px|24px|true|true&#8221; global_colors_info=&#8221;{}&#8221;][\/et_pb_button][\/et_pb_column][et_pb_column type=&#8221;3_5&#8243; _builder_version=&#8221;4.24.2&#8243; _module_preset=&#8221;default&#8221; global_colors_info=&#8221;{}&#8221;][et_pb_video src=&#8221;https:\/\/obey24.com\/wp-content\/uploads\/2024\/07\/furniture-fokus-HQ.mp4&#8243; module_class=&#8221;lwp-video-autoplay&#8221; _builder_version=&#8221;4.27.0&#8243; _module_preset=&#8221;default&#8221; animation_style=&#8221;fade&#8221; animation_duration=&#8221;1550ms&#8221; animation_delay=&#8221;100ms&#8221; hover_enabled=&#8221;0&#8243; global_colors_info=&#8221;{}&#8221; border_radii=&#8221;on|10px|10px|10px|10px&#8221; sticky_enabled=&#8221;0&#8243;][\/et_pb_video][\/et_pb_column][\/et_pb_row][\/et_pb_section][et_pb_section fb_built=&#8221;1&#8243; admin_label=&#8221;Full Width Video&#8221; _builder_version=&#8221;4.24.2&#8243; _module_preset=&#8221;default&#8221; background_color=&#8221;#000000&#8243; custom_padding=&#8221;0px||0px||true|false&#8221; da_disable_devices=&#8221;off|off|off&#8221; collapsed=&#8221;on&#8221; global_colors_info=&#8221;{}&#8221; da_is_popup=&#8221;off&#8221; da_exit_intent=&#8221;off&#8221; da_has_close=&#8221;on&#8221; da_alt_close=&#8221;off&#8221; da_dark_close=&#8221;off&#8221; da_not_modal=&#8221;on&#8221; da_is_singular=&#8221;off&#8221; da_with_loader=&#8221;off&#8221; da_has_shadow=&#8221;on&#8221;][et_pb_row _builder_version=&#8221;4.24.2&#8243; _module_preset=&#8221;default&#8221; width=&#8221;100%&#8221; max_width=&#8221;none&#8221; custom_padding=&#8221;0px||0px||true|false&#8221; global_colors_info=&#8221;{}&#8221;][et_pb_column type=&#8221;4_4&#8243; _builder_version=&#8221;4.24.2&#8243; _module_preset=&#8221;default&#8221; global_colors_info=&#8221;{}&#8221;][et_pb_video src=&#8221;https:\/\/obey24.com\/wp-content\/uploads\/2024\/07\/Header-Keyvisual_1.mp4&#8243; module_class=&#8221;lwp-video-autoplay&#8221; _builder_version=&#8221;4.25.2&#8243; _module_preset=&#8221;default&#8221; custom_padding=&#8221;0px||0px||true|false&#8221; animation_style=&#8221;fade&#8221; animation_duration=&#8221;1550ms&#8221; animation_delay=&#8221;100ms&#8221; global_colors_info=&#8221;{}&#8221;][\/et_pb_video][\/et_pb_column][\/et_pb_row][\/et_pb_section]<\/p>\n","protected":false},"excerpt":{"rendered":"<p>Hareket Tasar\u0131m\u0131: Studio WW ile yak\u0131n i\u015f birli\u011fi i\u00e7inde, birinci s\u0131n\u0131f hareket tasar\u0131m\u0131 ve hareket markalama \u00e7\u00f6z\u00fcmleri geli\u015ftiriyoruz. Grafik tasar\u0131m, markalama ve i\u00e7 mekan tasar\u0131m\u0131 alan\u0131ndaki uzmanl\u0131\u011f\u0131m\u0131z, etkileyici 3B animasyonlar ve dinamik marka kimlikleri olu\u015fturmam\u0131z\u0131 sa\u011fl\u0131yor. E\u011flenceli ve etkili hikaye anlat\u0131m\u0131na odaklanarak, \u00f6zellikle gen\u00e7 bir hedef kitleye hitap ediyoruz. Hizmetlerimiz aras\u0131nda sanat y\u00f6netmenli\u011fi, hareket tasar\u0131m\u0131 ve ses tasar\u0131m\u0131 yer al\u0131yor. Birlikte, g\u00f6rsel olarak etkileyici i\u00e7eriklerle \u00fcr\u00fcnleri hayata ge\u00e7iriyor ve m\u00fc\u015fterilerimizin g\u00f6rsel varl\u0131\u011f\u0131n\u0131 g\u00fc\u00e7lendiriyoruz. \u0130\u015f birli\u011fi i\u00e7inde<div class=\"et_pb_module dsm_perspective_image dsm_perspective_image_0\">\n\t\t\t\t\n\t\t\t\t\n\t\t\t\t\n\t\t\t\t\n\t\t\t\t\n\t\t\t\t\n\t\t\t\t<div class=\"et_pb_module_inner\">\n\t\t\t\t\t<div class=\"dsm-perspective-image-wrapper et_always_center_on_mobile\">\n\t\t\t\t\n\t\t\t\t\n\t\t\t\t<span class=\"et_pb_image_wrap\"><img decoding=\"async\" src=\"https:\/\/obey24.com\/wp-content\/uploads\/2024\/07\/logo_black_fleisch.webp\" alt=\"\" title=\"St\u00fcdyo WW\" \/><\/span>\n\t\t\t<\/div>\n\t\t\t\t<\/div>\n\t\t\t<\/div>hareket yoluyla duygu &nbsp;<\/p>","protected":false},"author":1,"featured_media":0,"parent":0,"menu_order":0,"comment_status":"closed","ping_status":"closed","template":"","meta":{"_et_pb_use_builder":"on","_et_pb_old_content":"","_et_gb_content_width":"","footnotes":""},"class_list":["post-250835","page","type-page","status-publish","hentry"],"yoast_head":"<!-- This site is optimized with the Yoast SEO Premium plugin v22.2 (Yoast SEO v27.1.1) - https:\/\/yoast.com\/product\/yoast-seo-premium-wordpress\/ -->\n<title>Motion Design and Branding &#187; Obey24.com<\/title>\n<meta name=\"robots\" content=\"index, follow, max-snippet:-1, max-image-preview:large, max-video-preview:-1\" \/>\n<link rel=\"canonical\" href=\"https:\/\/obey24.com\/tr\/motion-design-and-branding-2\/\" \/>\n<meta property=\"og:locale\" content=\"tr_TR\" \/>\n<meta property=\"og:type\" content=\"article\" \/>\n<meta property=\"og:title\" content=\"Motion Design and Branding\" \/>\n<meta property=\"og:description\" content=\"Obey24.com\" \/>\n<meta property=\"og:url\" content=\"https:\/\/obey24.com\/tr\/motion-design-and-branding-2\/\" \/>\n<meta property=\"og:site_name\" content=\"Obey24.com\" \/>\n<meta property=\"article:publisher\" content=\"https:\/\/www.facebook.com\/obey24com\" \/>\n<meta property=\"article:modified_time\" content=\"2024-09-20T08:55:49+00:00\" \/>\n<meta property=\"og:image\" content=\"https:\/\/obey24.com\/wp-content\/uploads\/2024\/04\/Standard-Beitragsbild.png\" \/>\n\t<meta property=\"og:image:width\" content=\"1366\" \/>\n\t<meta property=\"og:image:height\" content=\"768\" \/>\n\t<meta property=\"og:image:type\" content=\"image\/png\" \/>\n<meta name=\"twitter:card\" content=\"summary_large_image\" \/>\n<meta name=\"twitter:site\" content=\"@obey24com\" \/>\n<meta name=\"twitter:label1\" content=\"Tahmini okuma s\u00fcresi\" \/>\n\t<meta name=\"twitter:data1\" content=\"1 dakika\" \/>\n<script type=\"application\/ld+json\" class=\"yoast-schema-graph\">{\"@context\":\"https:\/\/schema.org\",\"@graph\":[{\"@type\":\"WebPage\",\"@id\":\"https:\/\/obey24.com\/motion-design-and-branding-2\/\",\"url\":\"https:\/\/obey24.com\/motion-design-and-branding-2\/\",\"name\":\"Motion Design and Branding &#187; Obey24.com\",\"isPartOf\":{\"@id\":\"https:\/\/obey24.com\/#website\"},\"datePublished\":\"2024-07-01T17:05:46+00:00\",\"dateModified\":\"2024-09-20T08:55:49+00:00\",\"inLanguage\":\"tr\",\"potentialAction\":[{\"@type\":\"ReadAction\",\"target\":[\"https:\/\/obey24.com\/motion-design-and-branding-2\/\"]}]},{\"@type\":\"WebSite\",\"@id\":\"https:\/\/obey24.com\/#website\",\"url\":\"https:\/\/obey24.com\/\",\"name\":\"Obey24.com\",\"description\":\"The Creative Agency\",\"publisher\":{\"@id\":\"https:\/\/obey24.com\/#organization\"},\"potentialAction\":[{\"@type\":\"SearchAction\",\"target\":{\"@type\":\"EntryPoint\",\"urlTemplate\":\"https:\/\/obey24.com\/?s={search_term_string}\"},\"query-input\":{\"@type\":\"PropertyValueSpecification\",\"valueRequired\":true,\"valueName\":\"search_term_string\"}}],\"inLanguage\":\"tr\"},{\"@type\":\"Organization\",\"@id\":\"https:\/\/obey24.com\/#organization\",\"name\":\"Obey24.com\",\"url\":\"https:\/\/obey24.com\/\",\"logo\":{\"@type\":\"ImageObject\",\"inLanguage\":\"tr\",\"@id\":\"https:\/\/obey24.com\/#\/schema\/logo\/image\/\",\"url\":\"https:\/\/obey24.com\/wp-content\/uploads\/2024\/04\/400pxsquare.jpg\",\"contentUrl\":\"https:\/\/obey24.com\/wp-content\/uploads\/2024\/04\/400pxsquare.jpg\",\"width\":400,\"height\":400,\"caption\":\"Obey24.com\"},\"image\":{\"@id\":\"https:\/\/obey24.com\/#\/schema\/logo\/image\/\"},\"sameAs\":[\"https:\/\/www.facebook.com\/obey24com\",\"https:\/\/x.com\/obey24com\",\"https:\/\/www.instagram.com\/obey24com\",\"https:\/\/www.pinterest.de\/obey24com\/\"]}]}<\/script>\n<!-- \/ Yoast SEO Premium plugin. -->","yoast_head_json":{"title":"Motion Design and Branding &#187; Obey24.com","robots":{"index":"index","follow":"follow","max-snippet":"max-snippet:-1","max-image-preview":"max-image-preview:large","max-video-preview":"max-video-preview:-1"},"canonical":"https:\/\/obey24.com\/tr\/motion-design-and-branding-2\/","og_locale":"tr_TR","og_type":"article","og_title":"Motion Design and Branding","og_description":"Obey24.com","og_url":"https:\/\/obey24.com\/tr\/motion-design-and-branding-2\/","og_site_name":"Obey24.com","article_publisher":"https:\/\/www.facebook.com\/obey24com","article_modified_time":"2024-09-20T08:55:49+00:00","og_image":[{"width":1366,"height":768,"url":"https:\/\/obey24.com\/wp-content\/uploads\/2024\/04\/Standard-Beitragsbild.png","type":"image\/png"}],"twitter_card":"summary_large_image","twitter_site":"@obey24com","twitter_misc":{"Tahmini okuma s\u00fcresi":"1 dakika"},"schema":{"@context":"https:\/\/schema.org","@graph":[{"@type":"WebPage","@id":"https:\/\/obey24.com\/motion-design-and-branding-2\/","url":"https:\/\/obey24.com\/motion-design-and-branding-2\/","name":"Motion Design and Branding &#187; Obey24.com","isPartOf":{"@id":"https:\/\/obey24.com\/#website"},"datePublished":"2024-07-01T17:05:46+00:00","dateModified":"2024-09-20T08:55:49+00:00","inLanguage":"tr","potentialAction":[{"@type":"ReadAction","target":["https:\/\/obey24.com\/motion-design-and-branding-2\/"]}]},{"@type":"WebSite","@id":"https:\/\/obey24.com\/#website","url":"https:\/\/obey24.com\/","name":"obey24.com","description":"Yarat\u0131c\u0131 Ajans","publisher":{"@id":"https:\/\/obey24.com\/#organization"},"potentialAction":[{"@type":"SearchAction","target":{"@type":"EntryPoint","urlTemplate":"https:\/\/obey24.com\/?s={search_term_string}"},"query-input":{"@type":"PropertyValueSpecification","valueRequired":true,"valueName":"search_term_string"}}],"inLanguage":"tr"},{"@type":"Organization","@id":"https:\/\/obey24.com\/#organization","name":"obey24.com","url":"https:\/\/obey24.com\/","logo":{"@type":"ImageObject","inLanguage":"tr","@id":"https:\/\/obey24.com\/#\/schema\/logo\/image\/","url":"https:\/\/obey24.com\/wp-content\/uploads\/2024\/04\/400pxsquare.jpg","contentUrl":"https:\/\/obey24.com\/wp-content\/uploads\/2024\/04\/400pxsquare.jpg","width":400,"height":400,"caption":"Obey24.com"},"image":{"@id":"https:\/\/obey24.com\/#\/schema\/logo\/image\/"},"sameAs":["https:\/\/www.facebook.com\/obey24com","https:\/\/x.com\/obey24com","https:\/\/www.instagram.com\/obey24com","https:\/\/www.pinterest.de\/obey24com\/"]}]}},"_links":{"self":[{"href":"https:\/\/obey24.com\/tr\/wp-json\/wp\/v2\/pages\/250835","targetHints":{"allow":["GET"]}}],"collection":[{"href":"https:\/\/obey24.com\/tr\/wp-json\/wp\/v2\/pages"}],"about":[{"href":"https:\/\/obey24.com\/tr\/wp-json\/wp\/v2\/types\/page"}],"author":[{"embeddable":true,"href":"https:\/\/obey24.com\/tr\/wp-json\/wp\/v2\/users\/1"}],"replies":[{"embeddable":true,"href":"https:\/\/obey24.com\/tr\/wp-json\/wp\/v2\/comments?post=250835"}],"version-history":[{"count":10,"href":"https:\/\/obey24.com\/tr\/wp-json\/wp\/v2\/pages\/250835\/revisions"}],"predecessor-version":[{"id":251727,"href":"https:\/\/obey24.com\/tr\/wp-json\/wp\/v2\/pages\/250835\/revisions\/251727"}],"wp:attachment":[{"href":"https:\/\/obey24.com\/tr\/wp-json\/wp\/v2\/media?parent=250835"}],"curies":[{"name":"wp","href":"https:\/\/api.w.org\/{rel}","templated":true}]}}